{"id":109,"date":"2018-10-30T15:36:59","date_gmt":"2018-10-30T14:36:59","guid":{"rendered":"http:\/\/gokjadow.pl\/?page_id=109"},"modified":"2025-09-17T16:34:15","modified_gmt":"2025-09-17T14:34:15","slug":"aerobik-2","status":"publish","type":"page","link":"https:\/\/gokjadow.pl\/?page_id=109","title":{"rendered":"Aerobik"},"content":{"rendered":"\n<p>Na aerobik zapraszamy ka\u017cdego niezale\u017cnie od wieku. Zaj\u0119cia prowadzone s\u0105 dwa razy w tygodniu: we wtorki oraz w czwartki o godzinie 19:00 (trwaj\u0105 godzin\u0119).<\/p>\n\n\n\n<p>Aerobik prowadzi pani Anita Michalik.<\/p>\n\n\n\n<p><\/p>\n\n\n\n<figure class=\"wp-block-image size-full\"><img loading=\"lazy\" decoding=\"async\" width=\"1448\" height=\"2048\" src=\"https:\/\/gokjadow.pl\/wp-content\/uploads\/2025\/08\/539384838_1248488503958545_4851067899935329996_n.jpg\" alt=\"\" class=\"wp-image-4607\" srcset=\"https:\/\/gokjadow.pl\/wp-content\/uploads\/2025\/08\/539384838_1248488503958545_4851067899935329996_n.jpg 1448w, https:\/\/gokjadow.pl\/wp-content\/uploads\/2025\/08\/539384838_1248488503958545_4851067899935329996_n-212x300.jpg 212w, https:\/\/gokjadow.pl\/wp-content\/uploads\/2025\/08\/539384838_1248488503958545_4851067899935329996_n-724x1024.jpg 724w, https:\/\/gokjadow.pl\/wp-content\/uploads\/2025\/08\/539384838_1248488503958545_4851067899935329996_n-768x1086.jpg 768w, https:\/\/gokjadow.pl\/wp-content\/uploads\/2025\/08\/539384838_1248488503958545_4851067899935329996_n-1086x1536.jpg 1086w\" sizes=\"auto, (max-width: 1448px) 100vw, 1448px\" \/><\/figure>\n","protected":false},"excerpt":{"rendered":"<p>Na aerobik zapraszamy ka\u017cdego niezale\u017cnie od wieku. Zaj\u0119cia prowadzone s\u0105 dwa razy w tygodniu: we wtorki oraz w czwartki o godzinie 19:00 (trwaj\u0105 godzin\u0119). Aerobik prowadzi pani Anita Michalik.<\/p>\n","protected":false},"author":1,"featured_media":0,"parent":94,"menu_order":0,"comment_status":"closed","ping_status":"closed","template":"","meta":{"_monsterinsights_skip_tracking":false,"_monsterinsights_sitenote_active":false,"_monsterinsights_sitenote_note":"","_monsterinsights_sitenote_category":0,"footnotes":""},"class_list":["post-109","page","type-page","status-publish","hentry"],"_links":{"self":[{"href":"https:\/\/gokjadow.pl\/index.php?rest_route=\/wp\/v2\/pages\/109","targetHints":{"allow":["GET"]}}],"collection":[{"href":"https:\/\/gokjadow.pl\/index.php?rest_route=\/wp\/v2\/pages"}],"about":[{"href":"https:\/\/gokjadow.pl\/index.php?rest_route=\/wp\/v2\/types\/page"}],"author":[{"embeddable":true,"href":"https:\/\/gokjadow.pl\/index.php?rest_route=\/wp\/v2\/users\/1"}],"replies":[{"embeddable":true,"href":"https:\/\/gokjadow.pl\/index.php?rest_route=%2Fwp%2Fv2%2Fcomments&post=109"}],"version-history":[{"count":7,"href":"https:\/\/gokjadow.pl\/index.php?rest_route=\/wp\/v2\/pages\/109\/revisions"}],"predecessor-version":[{"id":4628,"href":"https:\/\/gokjadow.pl\/index.php?rest_route=\/wp\/v2\/pages\/109\/revisions\/4628"}],"up":[{"embeddable":true,"href":"https:\/\/gokjadow.pl\/index.php?rest_route=\/wp\/v2\/pages\/94"}],"wp:attachment":[{"href":"https:\/\/gokjadow.pl\/index.php?rest_route=%2Fwp%2Fv2%2Fmedia&parent=109"}],"curies":[{"name":"wp","href":"https:\/\/api.w.org\/{rel}","templated":true}]}}