{"id":124,"date":"2018-10-31T10:01:24","date_gmt":"2018-10-31T09:01:24","guid":{"rendered":"http:\/\/gokjadow.pl\/?page_id=124"},"modified":"2018-11-03T11:01:15","modified_gmt":"2018-11-03T10:01:15","slug":"fbytitp","status":"publish","type":"page","link":"https:\/\/gokjadow.pl\/?page_id=124","title":{"rendered":"Social Media"},"content":{"rendered":"<h5 style=\"text-align: center;\">Odwied\u017a nas na Facebooku:<\/h5>\n<p style=\"text-align: center;\"><a href=\"https:\/\/www.facebook.com\/Gminny-O%C5%9Brodek-Kultury-w-Jadowie-136686263422135\/\">Gminny O\u015brodek Kultury w Jadowie<\/a><\/p>\n<hr \/>\n<h5 style=\"text-align: center;\">Nasz kana\u0142 na YouTube:<\/h5>\n<p style=\"text-align: center;\"><a href=\"https:\/\/www.youtube.com\/channel\/UC-oYBIzHugoqHBSS_1y0EuQ?view_as=subscriber\">Gminny O\u015brodek Kultury w Jadowie<\/a><\/p>\n","protected":false},"excerpt":{"rendered":"<p>Odwied\u017a nas na Facebooku: Gminny O\u015brodek Kultury w Jadowie Nasz kana\u0142 na YouTube: Gminny O\u015brodek Kultury w Jadowie<\/p>\n","protected":false},"author":1,"featured_media":0,"parent":20,"menu_order":0,"comment_status":"closed","ping_status":"closed","template":"","meta":{"_monsterinsights_skip_tracking":false,"_monsterinsights_sitenote_active":false,"_monsterinsights_sitenote_note":"","_monsterinsights_sitenote_category":0,"footnotes":""},"class_list":["post-124","page","type-page","status-publish","hentry"],"_links":{"self":[{"href":"https:\/\/gokjadow.pl\/index.php?rest_route=\/wp\/v2\/pages\/124","targetHints":{"allow":["GET"]}}],"collection":[{"href":"https:\/\/gokjadow.pl\/index.php?rest_route=\/wp\/v2\/pages"}],"about":[{"href":"https:\/\/gokjadow.pl\/index.php?rest_route=\/wp\/v2\/types\/page"}],"author":[{"embeddable":true,"href":"https:\/\/gokjadow.pl\/index.php?rest_route=\/wp\/v2\/users\/1"}],"replies":[{"embeddable":true,"href":"https:\/\/gokjadow.pl\/index.php?rest_route=%2Fwp%2Fv2%2Fcomments&post=124"}],"version-history":[{"count":7,"href":"https:\/\/gokjadow.pl\/index.php?rest_route=\/wp\/v2\/pages\/124\/revisions"}],"predecessor-version":[{"id":181,"href":"https:\/\/gokjadow.pl\/index.php?rest_route=\/wp\/v2\/pages\/124\/revisions\/181"}],"up":[{"embeddable":true,"href":"https:\/\/gokjadow.pl\/index.php?rest_route=\/wp\/v2\/pages\/20"}],"wp:attachment":[{"href":"https:\/\/gokjadow.pl\/index.php?rest_route=%2Fwp%2Fv2%2Fmedia&parent=124"}],"curies":[{"name":"wp","href":"https:\/\/api.w.org\/{rel}","templated":true}]}}