{"id":188,"date":"2018-11-03T11:24:23","date_gmt":"2018-11-03T10:24:23","guid":{"rendered":"http:\/\/gokjadow.pl\/?page_id=188"},"modified":"2024-11-16T13:20:56","modified_gmt":"2024-11-16T12:20:56","slug":"tradycja-slowem-opisana","status":"publish","type":"page","link":"https:\/\/gokjadow.pl\/?page_id=188","title":{"rendered":"Tradycja S\u0142owem Opisana"},"content":{"rendered":"\n<p><em>Tradycja S\u0142owem Opisana to konkurs interpretacji polskiej tw\u00f3rczo\u015bci, kt\u00f3ry odbywa si\u0119 w Gminnym O\u015brodku Kultury w Jadowie ju\u017c od wielu lat. Historia tego konkursu si\u0119ga 2000 roku kiedy to zorganizowany zosta\u0142 po raz pierwszy.<\/em><\/p>\n\n\n\n<p class=\"has-medium-font-size\"><a href=\"https:\/\/gokjadow.pl\/?p=4201\" data-type=\"link\" data-id=\"https:\/\/gokjadow.pl\/?p=4201\"><em>Tradycja S\u0142owem Opisana 2024<\/em><\/a><\/p>\n\n\n\n<p class=\"has-medium-font-size\"><em><a href=\"https:\/\/www.facebook.com\/media\/set\/?set=a.779420107532056&amp;type=3\" data-type=\"link\" data-id=\"https:\/\/www.facebook.com\/media\/set\/?set=a.779420107532056&amp;type=3\">Tradycja S\u0142owem Opisana 2023 <\/a><\/em><\/p>\n\n\n\n<p class=\"has-medium-font-size\"><em><a href=\"https:\/\/www.facebook.com\/media\/set\/?set=a.540302021443867&amp;type=3\" data-type=\"link\" data-id=\"https:\/\/www.facebook.com\/media\/set\/?set=a.540302021443867&amp;type=3\">Tradycja S\u0142owem Opisana 2022 <\/a><\/em><\/p>\n\n\n\n<p class=\"has-medium-font-size\"><em><a href=\"https:\/\/www.facebook.com\/media\/set\/?set=a.1278255279265222&amp;type=3\" data-type=\"link\" data-id=\"https:\/\/www.facebook.com\/media\/set\/?set=a.1278255279265222&amp;type=3\">Tradycja S\u0142owem Opisana 2021<\/a><\/em><\/p>\n\n\n\n<p style=\"font-size:20px\"><em><a href=\"https:\/\/www.facebook.com\/media\/set\/?set=a.760381081052647&amp;type=3\" data-type=\"link\" data-id=\"https:\/\/www.facebook.com\/media\/set\/?set=a.760381081052647&amp;type=3\">Tradycja S\u0142owem Opisana 2019 <\/a><\/em><\/p>\n\n\n\n<p class=\"has-medium-font-size\"><em><a href=\"https:\/\/www.facebook.com\/media\/set\/?set=a.545584342532323&amp;type=3\" data-type=\"link\" data-id=\"https:\/\/www.facebook.com\/media\/set\/?set=a.545584342532323&amp;type=3\">Tradycja S\u0142owem Opisana 2018<\/a><\/em><\/p>\n\n\n\n<p style=\"font-size:22px\"><a href=\"https:\/\/www.facebook.com\/gminnyosrodekkultury.jadow\/media_set?set=a.875155485976879&amp;type=3\" target=\"_blank\" rel=\"noreferrer noopener\"><em>Tradycja S\u0142owem Opisana 2017<\/em><\/a><\/p>\n\n\n\n<p style=\"font-size:22px\"><a href=\"https:\/\/www.facebook.com\/pg\/Gminny-O%C5%9Brodek-Kultury-w-Jadowie-136686263422135\/photos\/?tab=album&amp;album_id=215096642247763\" target=\"_blank\" rel=\"noreferrer noopener\"><em>Tradycja S\u0142owem Opisana 2016<\/em><\/a><\/p>\n\n\n\n<p style=\"font-size:22px\"><a href=\"https:\/\/www.facebook.com\/gminnyosrodekkultury.jadow\/media_set?set=a.524700851022346&amp;type=3\" target=\"_blank\" rel=\"noreferrer noopener\"><em>Tradycja S\u0142owem Opisana 2015<\/em><\/a><\/p>\n\n\n\n<p style=\"font-size:22px\"><a href=\"https:\/\/www.facebook.com\/gminnyosrodekkultury.jadow\/media_set?set=a.382612825231150&amp;type=3\" target=\"_blank\" rel=\"noreferrer noopener\"><em>Tradycja S\u0142owem Opisana 2014<\/em><\/a><\/p>\n\n\n\n<p style=\"font-size:22px\"><a href=\"https:\/\/www.facebook.com\/gminnyosrodekkultury.jadow\/media_set?set=a.241521959340238&amp;type=3\" target=\"_blank\" rel=\"noreferrer noopener\"><em>Tradycja S\u0142owem Opisana 2013<\/em><\/a><\/p>\n","protected":false},"excerpt":{"rendered":"<p>Tradycja S\u0142owem Opisana to konkurs interpretacji polskiej tw\u00f3rczo\u015bci, kt\u00f3ry odbywa si\u0119 w Gminnym O\u015brodku Kultury w Jadowie ju\u017c od wielu lat. Historia tego konkursu si\u0119ga 2000 roku kiedy to zorganizowany [&hellip;]<\/p>\n","protected":false},"author":1,"featured_media":0,"parent":182,"menu_order":0,"comment_status":"closed","ping_status":"closed","template":"","meta":{"_monsterinsights_skip_tracking":false,"_monsterinsights_sitenote_active":false,"_monsterinsights_sitenote_note":"","_monsterinsights_sitenote_category":0,"footnotes":""},"class_list":["post-188","page","type-page","status-publish","hentry"],"_links":{"self":[{"href":"https:\/\/gokjadow.pl\/index.php?rest_route=\/wp\/v2\/pages\/188","targetHints":{"allow":["GET"]}}],"collection":[{"href":"https:\/\/gokjadow.pl\/index.php?rest_route=\/wp\/v2\/pages"}],"about":[{"href":"https:\/\/gokjadow.pl\/index.php?rest_route=\/wp\/v2\/types\/page"}],"author":[{"embeddable":true,"href":"https:\/\/gokjadow.pl\/index.php?rest_route=\/wp\/v2\/users\/1"}],"replies":[{"embeddable":true,"href":"https:\/\/gokjadow.pl\/index.php?rest_route=%2Fwp%2Fv2%2Fcomments&post=188"}],"version-history":[{"count":10,"href":"https:\/\/gokjadow.pl\/index.php?rest_route=\/wp\/v2\/pages\/188\/revisions"}],"predecessor-version":[{"id":4217,"href":"https:\/\/gokjadow.pl\/index.php?rest_route=\/wp\/v2\/pages\/188\/revisions\/4217"}],"up":[{"embeddable":true,"href":"https:\/\/gokjadow.pl\/index.php?rest_route=\/wp\/v2\/pages\/182"}],"wp:attachment":[{"href":"https:\/\/gokjadow.pl\/index.php?rest_route=%2Fwp%2Fv2%2Fmedia&parent=188"}],"curies":[{"name":"wp","href":"https:\/\/api.w.org\/{rel}","templated":true}]}}