{"id":201,"date":"2018-11-03T11:39:42","date_gmt":"2018-11-03T10:39:42","guid":{"rendered":"http:\/\/gokjadow.pl\/?page_id=201"},"modified":"2024-10-10T16:24:32","modified_gmt":"2024-10-10T14:24:32","slug":"cyprian-norwid-poeta-naszej-ziemi","status":"publish","type":"page","link":"https:\/\/gokjadow.pl\/?page_id=201","title":{"rendered":"Cyprian Norwid &#8211; Poeta Naszej Ziemi"},"content":{"rendered":"\n<p class=\"has-medium-font-size\"><em><a href=\"https:\/\/www.facebook.com\/media\/set\/?set=a.899672622173470&amp;type=3\" data-type=\"link\" data-id=\"https:\/\/www.facebook.com\/media\/set\/?set=a.899672622173470&amp;type=3\">2024 fina\u0142<\/a><\/em><\/p>\n\n\n\n<p><a href=\"https:\/\/www.facebook.com\/media\/set\/?set=a.640950982995658&amp;type=3\" data-type=\"link\" data-id=\"https:\/\/www.facebook.com\/media\/set\/?set=a.640950982995658&amp;type=3\">2019 fina\u0142<\/a><\/p>\n\n\n\n<p><a href=\"https:\/\/www.facebook.com\/media\/set\/?set=a.629745010782922&amp;type=3\" data-type=\"link\" data-id=\"https:\/\/www.facebook.com\/media\/set\/?set=a.629745010782922&amp;type=3\">2019 eliminacje gminne<\/a><\/p>\n\n\n\n<p><a href=\"https:\/\/www.facebook.com\/media\/set\/?set=a.429667670790658&amp;type=3\" data-type=\"link\" data-id=\"https:\/\/www.facebook.com\/media\/set\/?set=a.429667670790658&amp;type=3\">2018 fina\u0142<\/a><\/p>\n\n\n\n<p><a href=\"https:\/\/www.facebook.com\/media\/set\/?set=a.421323874958371&amp;type=3\" data-type=\"link\" data-id=\"https:\/\/www.facebook.com\/media\/set\/?set=a.421323874958371&amp;type=3\">2018 eliminacje gminne<\/a><\/p>\n\n\n\n<p><a href=\"https:\/\/www.facebook.com\/media\/set\/?set=a.293046721119421&amp;type=3\" data-type=\"link\" data-id=\"https:\/\/www.facebook.com\/media\/set\/?set=a.293046721119421&amp;type=3\">2017 fina\u0142<\/a><\/p>\n\n\n\n<p><a href=\"https:\/\/www.facebook.com\/media\/set\/?set=a.281875472236546&amp;type=3\" data-type=\"link\" data-id=\"https:\/\/www.facebook.com\/media\/set\/?set=a.281875472236546&amp;type=3\">2017 eliminacje gminne<\/a><\/p>\n\n\n\n<p>2016 eliminacje gminne<\/p>\n\n\n\n<p><a href=\"https:\/\/www.facebook.com\/media\/set\/?set=a.1437977033028052&amp;type=3\" data-type=\"link\" data-id=\"https:\/\/www.facebook.com\/media\/set\/?set=a.1437977033028052&amp;type=3\">2015 fina\u0142 <\/a><\/p>\n\n\n\n<p><a href=\"https:\/\/www.facebook.com\/media\/set\/?set=a.1437976443028111&amp;type=3\" data-type=\"link\" data-id=\"https:\/\/www.facebook.com\/media\/set\/?set=a.1437976443028111&amp;type=3\">2015 eliminacje gminne<\/a><\/p>\n\n\n\n<p><a href=\"https:\/\/www.facebook.com\/media\/set\/?set=a.1437951189697303&amp;type=3\" data-type=\"link\" data-id=\"https:\/\/www.facebook.com\/media\/set\/?set=a.1437951189697303&amp;type=3\">2014 eliminacje gminne<\/a><\/p>\n\n\n\n<p><\/p>\n","protected":false},"excerpt":{"rendered":"<p>2024 fina\u0142 2019 fina\u0142 2019 eliminacje gminne 2018 fina\u0142 2018 eliminacje gminne 2017 fina\u0142 2017 eliminacje gminne 2016 eliminacje gminne 2015 fina\u0142 2015 eliminacje gminne 2014 eliminacje gminne<\/p>\n","protected":false},"author":1,"featured_media":0,"parent":182,"menu_order":0,"comment_status":"closed","ping_status":"closed","template":"","meta":{"_monsterinsights_skip_tracking":false,"_monsterinsights_sitenote_active":false,"_monsterinsights_sitenote_note":"","_monsterinsights_sitenote_category":0,"footnotes":""},"class_list":["post-201","page","type-page","status-publish","hentry"],"_links":{"self":[{"href":"https:\/\/gokjadow.pl\/index.php?rest_route=\/wp\/v2\/pages\/201","targetHints":{"allow":["GET"]}}],"collection":[{"href":"https:\/\/gokjadow.pl\/index.php?rest_route=\/wp\/v2\/pages"}],"about":[{"href":"https:\/\/gokjadow.pl\/index.php?rest_route=\/wp\/v2\/types\/page"}],"author":[{"embeddable":true,"href":"https:\/\/gokjadow.pl\/index.php?rest_route=\/wp\/v2\/users\/1"}],"replies":[{"embeddable":true,"href":"https:\/\/gokjadow.pl\/index.php?rest_route=%2Fwp%2Fv2%2Fcomments&post=201"}],"version-history":[{"count":11,"href":"https:\/\/gokjadow.pl\/index.php?rest_route=\/wp\/v2\/pages\/201\/revisions"}],"predecessor-version":[{"id":4171,"href":"https:\/\/gokjadow.pl\/index.php?rest_route=\/wp\/v2\/pages\/201\/revisions\/4171"}],"up":[{"embeddable":true,"href":"https:\/\/gokjadow.pl\/index.php?rest_route=\/wp\/v2\/pages\/182"}],"wp:attachment":[{"href":"https:\/\/gokjadow.pl\/index.php?rest_route=%2Fwp%2Fv2%2Fmedia&parent=201"}],"curies":[{"name":"wp","href":"https:\/\/api.w.org\/{rel}","templated":true}]}}