{"id":3197,"date":"2022-11-03T11:36:17","date_gmt":"2022-11-03T10:36:17","guid":{"rendered":"https:\/\/gokjadow.pl\/?page_id=3197"},"modified":"2022-12-15T17:42:14","modified_gmt":"2022-12-15T16:42:14","slug":"wzmocnij-swoje-otoczenie-grant-dla-gok-u","status":"publish","type":"page","link":"https:\/\/gokjadow.pl\/?page_id=3197","title":{"rendered":"WzMOCnij swoje otoczenie &#8211; grant dla GOK-u"},"content":{"rendered":"<div class=\"wp-block-image\">\n<figure class=\"alignright size-full is-resized\"><img loading=\"lazy\" decoding=\"async\" src=\"https:\/\/gokjadow.pl\/wp-content\/uploads\/2022\/12\/PSE-26-300dpi-Partner-Gminnego-Oerodka-Kultury-w-Jadowie-1.jpg\" alt=\"\" class=\"wp-image-3247\" width=\"416\" height=\"396\" srcset=\"https:\/\/gokjadow.pl\/wp-content\/uploads\/2022\/12\/PSE-26-300dpi-Partner-Gminnego-Oerodka-Kultury-w-Jadowie-1.jpg 875w, https:\/\/gokjadow.pl\/wp-content\/uploads\/2022\/12\/PSE-26-300dpi-Partner-Gminnego-Oerodka-Kultury-w-Jadowie-1-300x286.jpg 300w, https:\/\/gokjadow.pl\/wp-content\/uploads\/2022\/12\/PSE-26-300dpi-Partner-Gminnego-Oerodka-Kultury-w-Jadowie-1-768x731.jpg 768w\" sizes=\"auto, (max-width: 416px) 100vw, 416px\" \/><\/figure>\n<\/div>\n\n\n<p>Program \u201eWzMOCnij swoje otoczenie\u201d to og\u00f3lnopolski program grantowy realizowany przez Polskie Sieci Elektroenergetyczne, skierowany do samorz\u0105d\u00f3w i ich jednostek \u2013 np. przedszkoli, szk\u00f3\u0142, bibliotek, czy o\u015brodk\u00f3w pomocy spo\u0142ecznej, oraz do organizacji pozarz\u0105dowych, kt\u00f3re chc\u0105 wprowadza\u0107 wa\u017cne i d\u0142ugotrwa\u0142e zmiany w swoim otoczeniu w jednym z o\u015bmiu nast\u0119puj\u0105cych obszar\u00f3w: aktywno\u015b\u0107 fizyczna, bezpiecze\u0144stwo, edukacja, ochrona zwierz\u0105t, rozw\u00f3j wsp\u00f3lnej przestrzeni publicznej, \u015brodowisko naturalne, zdrowie i inne inicjatywy mieszcz\u0105ce si\u0119 w celach programu. Wi\u0119cej informacji o programie na stronach: <a href=\"http:\/\/www.wzmocnijotoczenie.pl\">www.wzmocnijotoczenie.pl<\/a> oraz \u00a0https:\/\/raport.pse.pl\/pl\/<\/p>\n\n\n\n<p><\/p>\n\n\n\n<p>Gminny O\u015brodek Kultury w Jadowie jest jednym z laureat\u00f3w IV edycji programu \u201eWzMOCnij swoje otoczenie\u201d. Dzi\u0119ki przyznanemu przez Polskie Sieci Elektroenergetyczne grantowi zosta\u0142 zakupiony i zainstalowany system projekcyjny: projektor multimedialny i ekran z nap\u0119dem elektrycznym. Dzi\u0119ki temu systemowi b\u0119dziemy mogli podnie\u015b\u0107 poziom audiowizualny m.in. projekcji film\u00f3w, pokaz\u00f3w i innych wydarze\u0144. Projekt zrealizowano w ramach programu \u201eWzMOCnij swoje otoczenie\u201d zorganizowanego przez Polskie Sieci Elektroenergetyczne.<\/p>\n\n\n\n<p class=\"has-text-align-right\">12.12.2022<\/p>\n\n\n\n<p>#wzmocnijswojeotoczenie #pse #rekreacja #turystyka<\/p>\n\n\n\n<p><\/p>\n\n\n<div class=\"wp-block-image\">\n<figure class=\"aligncenter size-full is-resized\"><img loading=\"lazy\" decoding=\"async\" src=\"https:\/\/gokjadow.pl\/wp-content\/uploads\/2022\/12\/logo-WSO-1.png\" alt=\"\" class=\"wp-image-3248\" width=\"614\" height=\"327\" srcset=\"https:\/\/gokjadow.pl\/wp-content\/uploads\/2022\/12\/logo-WSO-1.png 886w, https:\/\/gokjadow.pl\/wp-content\/uploads\/2022\/12\/logo-WSO-1-300x160.png 300w, https:\/\/gokjadow.pl\/wp-content\/uploads\/2022\/12\/logo-WSO-1-768x409.png 768w\" sizes=\"auto, (max-width: 614px) 100vw, 614px\" \/><\/figure>\n<\/div>\n\n\n<p><strong>System projekcyjny dla GOK &#8211; u<\/strong><\/p>\n\n\n\n<p>Gminny O\u015brodek Kultury w Jadowie jest jednym z laureat\u00f3w IV edycji programu \u201eWzMOCnij swoje otoczenie\u201d. Dzi\u0119ki przyznanemu przez Polskie Sieci Elektroenergetyczne grantowi zostanie zakupiony i zainstalowany system projekcyjny: projektor multimedialny i ekran z nap\u0119dem elektrycznym.<\/p>\n\n\n\n<p>Program \u201eWzMOCnij swoje otoczenie\u201d to og\u00f3lnopolski program grantowy realizowany przez Polskie Sieci Elektroenergetyczne, skierowany do samorz\u0105d\u00f3w i ich jednostek \u2013 np. przedszkoli, szk\u00f3\u0142, bibliotek, czy o\u015brodk\u00f3w pomocy spo\u0142ecznej, oraz do organizacji pozarz\u0105dowych, kt\u00f3re chc\u0105 wprowadza\u0107 wa\u017cne i d\u0142ugotrwa\u0142e zmiany w swoim otoczeniu w jednym z o\u015bmiu nast\u0119puj\u0105cych obszar\u00f3w: aktywno\u015b\u0107 fizyczna, bezpiecze\u0144stwo, edukacja, ochrona zwierz\u0105t, rozw\u00f3j wsp\u00f3lnej przestrzeni publicznej, \u015brodowisko naturalne, zdrowie i inne inicjatywy mieszcz\u0105ce si\u0119 w celach programu. Wi\u0119cej informacji o programie na stronach: <a href=\"http:\/\/www.wzmocnijotoczenie.pl\">www.wzmocnijotoczenie.pl<\/a> oraz \u00a0https:\/\/raport.pse.pl\/pl\/<\/p>\n\n\n\n<p class=\"has-text-align-right\">3<\/p>\n\n\n\n<p>#wzmocnijswojeotoczenie #pse #rekreacja #turystyka<\/p>\n\n\n<div class=\"wp-block-image\">\n<figure class=\"aligncenter size-full\"><img loading=\"lazy\" decoding=\"async\" width=\"768\" height=\"409\" src=\"https:\/\/gokjadow.pl\/wp-content\/uploads\/2022\/11\/logo-WSO-768x409-1.webp\" alt=\"\" class=\"wp-image-3198\" srcset=\"https:\/\/gokjadow.pl\/wp-content\/uploads\/2022\/11\/logo-WSO-768x409-1.webp 768w, https:\/\/gokjadow.pl\/wp-content\/uploads\/2022\/11\/logo-WSO-768x409-1-300x160.webp 300w\" sizes=\"auto, (max-width: 768px) 100vw, 768px\" \/><\/figure>\n<\/div>\n\n<div class=\"wp-block-image\">\n<figure class=\"aligncenter size-full is-resized\"><img loading=\"lazy\" decoding=\"async\" src=\"https:\/\/gokjadow.pl\/wp-content\/uploads\/2022\/11\/pobrane.png\" alt=\"\" class=\"wp-image-3199\" width=\"483\" height=\"127\" srcset=\"https:\/\/gokjadow.pl\/wp-content\/uploads\/2022\/11\/pobrane.png 437w, https:\/\/gokjadow.pl\/wp-content\/uploads\/2022\/11\/pobrane-300x79.png 300w\" sizes=\"auto, (max-width: 483px) 100vw, 483px\" \/><\/figure>\n<\/div>","protected":false},"excerpt":{"rendered":"<p>Program \u201eWzMOCnij swoje otoczenie\u201d to og\u00f3lnopolski program grantowy realizowany przez Polskie Sieci Elektroenergetyczne, skierowany do samorz\u0105d\u00f3w i ich jednostek \u2013 np. przedszkoli, szk\u00f3\u0142, bibliotek, czy o\u015brodk\u00f3w pomocy spo\u0142ecznej, oraz do [&hellip;]<\/p>\n","protected":false},"author":1,"featured_media":0,"parent":0,"menu_order":0,"comment_status":"closed","ping_status":"closed","template":"","meta":{"_monsterinsights_skip_tracking":false,"_monsterinsights_sitenote_active":false,"_monsterinsights_sitenote_note":"","_monsterinsights_sitenote_category":0,"footnotes":""},"class_list":["post-3197","page","type-page","status-publish","hentry"],"_links":{"self":[{"href":"https:\/\/gokjadow.pl\/index.php?rest_route=\/wp\/v2\/pages\/3197","targetHints":{"allow":["GET"]}}],"collection":[{"href":"https:\/\/gokjadow.pl\/index.php?rest_route=\/wp\/v2\/pages"}],"about":[{"href":"https:\/\/gokjadow.pl\/index.php?rest_route=\/wp\/v2\/types\/page"}],"author":[{"embeddable":true,"href":"https:\/\/gokjadow.pl\/index.php?rest_route=\/wp\/v2\/users\/1"}],"replies":[{"embeddable":true,"href":"https:\/\/gokjadow.pl\/index.php?rest_route=%2Fwp%2Fv2%2Fcomments&post=3197"}],"version-history":[{"count":8,"href":"https:\/\/gokjadow.pl\/index.php?rest_route=\/wp\/v2\/pages\/3197\/revisions"}],"predecessor-version":[{"id":3257,"href":"https:\/\/gokjadow.pl\/index.php?rest_route=\/wp\/v2\/pages\/3197\/revisions\/3257"}],"wp:attachment":[{"href":"https:\/\/gokjadow.pl\/index.php?rest_route=%2Fwp%2Fv2%2Fmedia&parent=3197"}],"curies":[{"name":"wp","href":"https:\/\/api.w.org\/{rel}","templated":true}]}}