{"id":819,"date":"2021-07-13T10:27:24","date_gmt":"2021-07-13T08:27:24","guid":{"rendered":"https:\/\/gokjadow.pl\/?page_id=819"},"modified":"2025-09-17T16:31:56","modified_gmt":"2025-09-17T14:31:56","slug":"balet","status":"publish","type":"page","link":"https:\/\/gokjadow.pl\/?page_id=819","title":{"rendered":"Balet"},"content":{"rendered":"\n<figure class=\"wp-block-image size-large\"><img loading=\"lazy\" decoding=\"async\" width=\"724\" height=\"1024\" src=\"https:\/\/gokjadow.pl\/wp-content\/uploads\/2025\/09\/Czerwony-Przeciw-Przemocy-Szkola-Plakat-724x1024.png\" alt=\"\" class=\"wp-image-4624\" srcset=\"https:\/\/gokjadow.pl\/wp-content\/uploads\/2025\/09\/Czerwony-Przeciw-Przemocy-Szkola-Plakat-724x1024.png 724w, https:\/\/gokjadow.pl\/wp-content\/uploads\/2025\/09\/Czerwony-Przeciw-Przemocy-Szkola-Plakat-212x300.png 212w, https:\/\/gokjadow.pl\/wp-content\/uploads\/2025\/09\/Czerwony-Przeciw-Przemocy-Szkola-Plakat-768x1086.png 768w, https:\/\/gokjadow.pl\/wp-content\/uploads\/2025\/09\/Czerwony-Przeciw-Przemocy-Szkola-Plakat-1086x1536.png 1086w, https:\/\/gokjadow.pl\/wp-content\/uploads\/2025\/09\/Czerwony-Przeciw-Przemocy-Szkola-Plakat-1448x2048.png 1448w, https:\/\/gokjadow.pl\/wp-content\/uploads\/2025\/09\/Czerwony-Przeciw-Przemocy-Szkola-Plakat.png 1587w\" sizes=\"auto, (max-width: 724px) 100vw, 724px\" \/><\/figure>\n\n\n\n<p>Zaj\u0119cia z baletu odbywaj\u0105 si\u0119 w pi\u0105tki<\/p>\n\n\n\n<p>Instruktorem jest p. Beata Stawicka<\/p>\n\n\n\n<p><\/p>\n","protected":false},"excerpt":{"rendered":"<p>Zaj\u0119cia z baletu odbywaj\u0105 si\u0119 w pi\u0105tki Instruktorem jest p. Beata Stawicka<\/p>\n","protected":false},"author":1,"featured_media":0,"parent":0,"menu_order":0,"comment_status":"closed","ping_status":"closed","template":"","meta":{"_monsterinsights_skip_tracking":false,"_monsterinsights_sitenote_active":false,"_monsterinsights_sitenote_note":"","_monsterinsights_sitenote_category":0,"footnotes":""},"class_list":["post-819","page","type-page","status-publish","hentry"],"_links":{"self":[{"href":"https:\/\/gokjadow.pl\/index.php?rest_route=\/wp\/v2\/pages\/819","targetHints":{"allow":["GET"]}}],"collection":[{"href":"https:\/\/gokjadow.pl\/index.php?rest_route=\/wp\/v2\/pages"}],"about":[{"href":"https:\/\/gokjadow.pl\/index.php?rest_route=\/wp\/v2\/types\/page"}],"author":[{"embeddable":true,"href":"https:\/\/gokjadow.pl\/index.php?rest_route=\/wp\/v2\/users\/1"}],"replies":[{"embeddable":true,"href":"https:\/\/gokjadow.pl\/index.php?rest_route=%2Fwp%2Fv2%2Fcomments&post=819"}],"version-history":[{"count":7,"href":"https:\/\/gokjadow.pl\/index.php?rest_route=\/wp\/v2\/pages\/819\/revisions"}],"predecessor-version":[{"id":4625,"href":"https:\/\/gokjadow.pl\/index.php?rest_route=\/wp\/v2\/pages\/819\/revisions\/4625"}],"wp:attachment":[{"href":"https:\/\/gokjadow.pl\/index.php?rest_route=%2Fwp%2Fv2%2Fmedia&parent=819"}],"curies":[{"name":"wp","href":"https:\/\/api.w.org\/{rel}","templated":true}]}}