{"id":821,"date":"2021-07-13T10:27:24","date_gmt":"2021-07-13T08:27:24","guid":{"rendered":"https:\/\/gokjadow.pl\/?page_id=821"},"modified":"2022-10-04T14:03:27","modified_gmt":"2022-10-04T12:03:27","slug":"klub-przedszkolaka","status":"publish","type":"page","link":"https:\/\/gokjadow.pl\/?page_id=821","title":{"rendered":"Klub przedszkolaka"},"content":{"rendered":"\n<p>Od kilku lat, w ramach cyklu zaj\u0119\u0107 &#8222;Klub przedszkolaka&#8221;, w Gminnym O\u015brodku Kultury w Jadowie organizowane s\u0105 zabawy sportowo &#8211; edukacyjne dla dzieci z przedszkola w Jadowie. W tym roku Klub przedszkolaka odbywa si\u0119 w czwartki i z oferty GOK Jad\u00f3w korzystaj\u0105 dwie grupy przedszkolne: \u017babki i Smerfy.<\/p>\n\n\n<p>[fts_facebook type=album_photos id=136686263422135 access_token=EAAP9hArvboQBAOYQrfbO9Y3CG3hZCyqkUoffZC9diarU3mg4417xD6toGyxPfupiRwTpm5iMrTq0WuoZC86iqGHHJCT3G2ux2WlFYRmbZCSTwdU1QwYmC1ecxNtNFEzCwWV6ucab1Qt9qTmXZBKNBMCGZAzO0F7vD7t4Sh8e4WZCQZDZD posts=1479383185819096 description=no album_id=photo_stream image_width=250px image_height=250px space_between_photos=1px hide_date_likes_comments=no center_container=no]<\/p>\n","protected":false},"excerpt":{"rendered":"<p>Od kilku lat, w ramach cyklu zaj\u0119\u0107 &#8222;Klub przedszkolaka&#8221;, w Gminnym O\u015brodku Kultury w Jadowie organizowane s\u0105 zabawy sportowo &#8211; edukacyjne dla dzieci z przedszkola w Jadowie. W tym roku [&hellip;]<\/p>\n","protected":false},"author":1,"featured_media":0,"parent":0,"menu_order":0,"comment_status":"closed","ping_status":"closed","template":"","meta":{"_monsterinsights_skip_tracking":false,"_monsterinsights_sitenote_active":false,"_monsterinsights_sitenote_note":"","_monsterinsights_sitenote_category":0,"footnotes":""},"class_list":["post-821","page","type-page","status-publish","hentry"],"_links":{"self":[{"href":"https:\/\/gokjadow.pl\/index.php?rest_route=\/wp\/v2\/pages\/821","targetHints":{"allow":["GET"]}}],"collection":[{"href":"https:\/\/gokjadow.pl\/index.php?rest_route=\/wp\/v2\/pages"}],"about":[{"href":"https:\/\/gokjadow.pl\/index.php?rest_route=\/wp\/v2\/types\/page"}],"author":[{"embeddable":true,"href":"https:\/\/gokjadow.pl\/index.php?rest_route=\/wp\/v2\/users\/1"}],"replies":[{"embeddable":true,"href":"https:\/\/gokjadow.pl\/index.php?rest_route=%2Fwp%2Fv2%2Fcomments&post=821"}],"version-history":[{"count":2,"href":"https:\/\/gokjadow.pl\/index.php?rest_route=\/wp\/v2\/pages\/821\/revisions"}],"predecessor-version":[{"id":3178,"href":"https:\/\/gokjadow.pl\/index.php?rest_route=\/wp\/v2\/pages\/821\/revisions\/3178"}],"wp:attachment":[{"href":"https:\/\/gokjadow.pl\/index.php?rest_route=%2Fwp%2Fv2%2Fmedia&parent=821"}],"curies":[{"name":"wp","href":"https:\/\/api.w.org\/{rel}","templated":true}]}}